{"id":861,"date":"2019-06-11T14:41:00","date_gmt":"2019-06-11T14:41:00","guid":{"rendered":"https:\/\/gardensoflight.com\/lanterns\/"},"modified":"2019-10-24T18:20:48","modified_gmt":"2019-10-24T16:20:48","slug":"lanterns","status":"publish","type":"page","link":"https:\/\/gardensoflight.com\/fr\/lanterns\/","title":{"rendered":"Lanternes"},"content":{"rendered":"\n<p>De la n\u00e9cessit\u00e9 d\u2019\u00e9clairer les jardins et les int\u00e9rieurs d\u2019une mani\u00e8re discr\u00e8te, durable et intemporelle na\u00eet cette collection de lanternes en cuivre, des caissons lumineux. Elles sont la synth\u00e8se des r\u00e9flexions sur la lumi\u00e8re, la g\u00e9om\u00e9trie et le temps dans les jardins. En d\u00e9finitive, des vrais jardins de lumi\u00e8re. Ces lanternes s\u2019adaptent \u00e0 leur emplacement et se fondent en lui, cr\u00e9ant une lumi\u00e8re chaude et subtile. Elles peuvent \u00eatre utilis\u00e9es \u00e0 l\u2019ext\u00e9rieur et \u00e0 l\u2019int\u00e9rieur.<\/p>\n","protected":false},"excerpt":{"rendered":"<p>De la n\u00e9cessit\u00e9 d\u2019\u00e9clairer les jardins et les int\u00e9rieurs d\u2019une mani\u00e8re discr\u00e8te, durable et intemporelle na\u00eet cette collection de lanternes en cuivre, des caissons lumineux. Elles sont la synth\u00e8se des r\u00e9flexions sur la lumi\u00e8re, la g\u00e9om\u00e9trie et le temps dans les jardins. En d\u00e9finitive, des vrais jardins de lumi\u00e8re. Ces lanternes s\u2019adaptent \u00e0 leur emplacement [&hellip;]<\/p>\n","protected":false},"author":1,"featured_media":63,"parent":0,"menu_order":0,"comment_status":"closed","ping_status":"closed","template":"template-lamparas.php","meta":[],"_links":{"self":[{"href":"https:\/\/gardensoflight.com\/fr\/wp-json\/wp\/v2\/pages\/861"}],"collection":[{"href":"https:\/\/gardensoflight.com\/fr\/wp-json\/wp\/v2\/pages"}],"about":[{"href":"https:\/\/gardensoflight.com\/fr\/wp-json\/wp\/v2\/types\/page"}],"author":[{"embeddable":true,"href":"https:\/\/gardensoflight.com\/fr\/wp-json\/wp\/v2\/users\/1"}],"replies":[{"embeddable":true,"href":"https:\/\/gardensoflight.com\/fr\/wp-json\/wp\/v2\/comments?post=861"}],"version-history":[{"count":1,"href":"https:\/\/gardensoflight.com\/fr\/wp-json\/wp\/v2\/pages\/861\/revisions"}],"predecessor-version":[{"id":870,"href":"https:\/\/gardensoflight.com\/fr\/wp-json\/wp\/v2\/pages\/861\/revisions\/870"}],"wp:featuredmedia":[{"embeddable":true,"href":"https:\/\/gardensoflight.com\/fr\/wp-json\/wp\/v2\/media\/63"}],"wp:attachment":[{"href":"https:\/\/gardensoflight.com\/fr\/wp-json\/wp\/v2\/media?parent=861"}],"curies":[{"name":"wp","href":"https:\/\/api.w.org\/{rel}","templated":true}]}}