{"id":860,"date":"2019-06-11T05:37:40","date_gmt":"2019-06-11T05:37:40","guid":{"rendered":"https:\/\/gardensoflight.com\/faqs\/"},"modified":"2019-10-24T18:20:11","modified_gmt":"2019-10-24T16:20:11","slug":"faqs","status":"publish","type":"page","link":"https:\/\/gardensoflight.com\/fr\/faqs\/","title":{"rendered":"FAQs"},"content":{"rendered":"\n<h2><strong>O\u00f9 peut-on trouver le Prix de vos objets?<\/strong><\/h2>\n<p>Chaque objet est fabriqu\u00e9 \u00e0 la main et sur commande. Les sp\u00e9cifications de chaque produit pouvant varier, veuillez envoyer un courriel \u00e0 <a href=\"mailto:info@gardensoflight.com\">info@gardensoflight.com<\/a>\u00a0et nous vous fournirons un prix d\u00e9taill\u00e9.<\/p>\n<h2><strong>L\u2019envoi est-il inclus dans le prix de vente?<\/strong><\/h2>\n<p>Les frais de transport pour les envois r\u00e9guliers en Espagne sont inclus dans le prix de vente. Les frais d\u2019exp\u00e9dition \u00e0 l\u2019\u00e9tranger ne sont pas inclus dans le prix de vente.<\/p>\n<p>Les frais de transport varient en fonction de la quantit\u00e9 et du type de produits \u00e0 envoyer. Une fois votre commande confirm\u00e9e, nous vous aiderons avec les options d\u2019exp\u00e9dition.<\/p>\n<h2><strong>Quels sont les d\u00e9lais de livraison?<\/strong><\/h2>\n<p><span lang=\"FR\">G\u00e9n\u00e9ralement les commandes ont un d\u00e9lai de livraison de 6 semaines. Les grandes quantit\u00e9s ou les commandes personnalis\u00e9es entra\u00eenent un d\u00e9lai de livraison plus long.<\/span><\/p>\n<h2><strong>Y-a-t-il un showroom ou l\u2019on puisse voir vos objets?<\/strong><\/h2>\n<p>Notre showroom est situ\u00e9 dans les jardins du Palais Royal, au 54 de la Galerie de Montpensier, 75001, Paris, France. Pour organiser une visite, contactez <a href=\"https:\/\/gardensoflight.com\/en\/contact\/\">ici<\/a>.<\/p>\n<h2><strong>O\u00f9 peut-on trouver les instructions d\u2019entretien des objets?<\/strong><\/h2>\n<p>Le soin et l\u2019entretien des objets d\u00e9pendent de la finition. Vous trouverez les instructions d\u2019entretien sur notre site web, dans le fichier PDF de chaque produit.<\/p>\n<h2><strong>Comment peut-on demander des pi\u00e8ces de rechange ou une assistance pour une r\u00e9paration\u00a0?<\/strong><\/h2>\n<p>Chaque objet est fabriqu\u00e9 sur commande. Veuillez nous envoyer un courriel \u00e0 <a href=\"mailto:info@gardensoflight.com\">info@gardensoflight.com<\/a> avec une image de l\u2019objet et nous vous aiderons \u00e0 trouver la meilleure solution dans le plus bref d\u00e9lai.<\/p>\n<h2><strong>Quelle est la p\u00e9riode de garantie de ces objets?<\/strong><\/h2>\n<p>La p\u00e9riode de garantie pour ces articles est de 24 mois \u00e0 compter depuis la date d\u2019exp\u00e9dition. Pour plus d\u2019informations, consultez nos Conditions G\u00e9n\u00e9rales.<\/p>\n","protected":false},"excerpt":{"rendered":"<p>O\u00f9 peut-on trouver le Prix de vos objets? Chaque objet est fabriqu\u00e9 \u00e0 la main et sur commande. Les sp\u00e9cifications de chaque produit pouvant varier, veuillez envoyer un courriel \u00e0 info@gardensoflight.com\u00a0et nous vous fournirons un prix d\u00e9taill\u00e9. L\u2019envoi est-il inclus dans le prix de vente? Les frais de transport pour les envois r\u00e9guliers en Espagne [&hellip;]<\/p>\n","protected":false},"author":1,"featured_media":0,"parent":0,"menu_order":0,"comment_status":"closed","ping_status":"closed","template":"template-faqs.php","meta":[],"_links":{"self":[{"href":"https:\/\/gardensoflight.com\/fr\/wp-json\/wp\/v2\/pages\/860"}],"collection":[{"href":"https:\/\/gardensoflight.com\/fr\/wp-json\/wp\/v2\/pages"}],"about":[{"href":"https:\/\/gardensoflight.com\/fr\/wp-json\/wp\/v2\/types\/page"}],"author":[{"embeddable":true,"href":"https:\/\/gardensoflight.com\/fr\/wp-json\/wp\/v2\/users\/1"}],"replies":[{"embeddable":true,"href":"https:\/\/gardensoflight.com\/fr\/wp-json\/wp\/v2\/comments?post=860"}],"version-history":[{"count":2,"href":"https:\/\/gardensoflight.com\/fr\/wp-json\/wp\/v2\/pages\/860\/revisions"}],"predecessor-version":[{"id":869,"href":"https:\/\/gardensoflight.com\/fr\/wp-json\/wp\/v2\/pages\/860\/revisions\/869"}],"wp:attachment":[{"href":"https:\/\/gardensoflight.com\/fr\/wp-json\/wp\/v2\/media?parent=860"}],"curies":[{"name":"wp","href":"https:\/\/api.w.org\/{rel}","templated":true}]}}