{"id":856,"date":"2019-06-11T05:36:47","date_gmt":"2019-06-11T05:36:47","guid":{"rendered":"https:\/\/gardensoflight.com\/about-us\/"},"modified":"2019-12-24T16:07:04","modified_gmt":"2019-12-24T15:07:04","slug":"about-us","status":"publish","type":"page","link":"https:\/\/gardensoflight.com\/fr\/about-us\/","title":{"rendered":"Qui sommes-nous?"},"content":{"rendered":"\n<p>Le jardinier Fernando Caruncho a r\u00e9alis\u00e9 des projets de jardins et d\u2019architecture dans le monde entier au cours des 40 derni\u00e8res ann\u00e9es. Il est depuis quelques ann\u00e9es accompagn\u00e9 par ses deux fils, Fernando et Pedro, tous deux architectes et form\u00e9s au monde du jardin.<\/p>\n<p>Bas\u00e9 \u00e0 Madrid et \u00e0 Paris, Garden of Light est n\u00e9 parall\u00e8lement \u00e0 l\u2019activit\u00e9 du studio <a href=\"https:\/\/web.fernandocaruncho.com\/en\/\" target=\"_blank\" rel=\"noopener noreferrer\">Caruncho Garden and Architecture<\/a>.<\/p>\n<p>De la n\u00e9cessit\u00e9 d\u2019\u00e9clairer les jardins et les int\u00e9rieurs d\u2019une mani\u00e8re discr\u00e8te, durable et intemporelle na\u00eet cette collection de lanternes en cuivre, des caissons lumineux.<\/p>\n<p>Elles sont la synth\u00e8se des r\u00e9flexions sur la lumi\u00e8re, la g\u00e9om\u00e9trie et le temps dans les jardins. Bref, de vrais jardins de lumi\u00e8re.<\/p>\n<p>Ces lanternes sont con\u00e7ues et fabriqu\u00e9es \u00e0 la main \u00e0 Madrid et peuvent \u00eatre trouv\u00e9s aux Galeries du <a href=\"https:\/\/gardensoflight.com\/en\/palais-royal\/\">Palais Royal<\/a>.<\/p>\n","protected":false},"excerpt":{"rendered":"<p>Le jardinier Fernando Caruncho a r\u00e9alis\u00e9 des projets de jardins et d\u2019architecture dans le monde entier au cours des 40 derni\u00e8res ann\u00e9es. Il est depuis quelques ann\u00e9es accompagn\u00e9 par ses deux fils, Fernando et Pedro, tous deux architectes et form\u00e9s au monde du jardin. Bas\u00e9 \u00e0 Madrid et \u00e0 Paris, Garden of Light est n\u00e9 [&hellip;]<\/p>\n","protected":false},"author":1,"featured_media":97,"parent":0,"menu_order":0,"comment_status":"closed","ping_status":"closed","template":"template-imagenes-y-texto.php","meta":[],"_links":{"self":[{"href":"https:\/\/gardensoflight.com\/fr\/wp-json\/wp\/v2\/pages\/856"}],"collection":[{"href":"https:\/\/gardensoflight.com\/fr\/wp-json\/wp\/v2\/pages"}],"about":[{"href":"https:\/\/gardensoflight.com\/fr\/wp-json\/wp\/v2\/types\/page"}],"author":[{"embeddable":true,"href":"https:\/\/gardensoflight.com\/fr\/wp-json\/wp\/v2\/users\/1"}],"replies":[{"embeddable":true,"href":"https:\/\/gardensoflight.com\/fr\/wp-json\/wp\/v2\/comments?post=856"}],"version-history":[{"count":2,"href":"https:\/\/gardensoflight.com\/fr\/wp-json\/wp\/v2\/pages\/856\/revisions"}],"predecessor-version":[{"id":918,"href":"https:\/\/gardensoflight.com\/fr\/wp-json\/wp\/v2\/pages\/856\/revisions\/918"}],"wp:featuredmedia":[{"embeddable":true,"href":"https:\/\/gardensoflight.com\/fr\/wp-json\/wp\/v2\/media\/97"}],"wp:attachment":[{"href":"https:\/\/gardensoflight.com\/fr\/wp-json\/wp\/v2\/media?parent=856"}],"curies":[{"name":"wp","href":"https:\/\/api.w.org\/{rel}","templated":true}]}}