{"id":774,"date":"2019-06-11T14:41:00","date_gmt":"2019-06-11T14:41:00","guid":{"rendered":"https:\/\/gardensoflight.com\/lanterns\/"},"modified":"2019-06-24T20:33:24","modified_gmt":"2019-06-24T18:33:24","slug":"lanterns","status":"publish","type":"page","link":"https:\/\/gardensoflight.com\/es\/lanterns\/","title":{"rendered":"Faroles"},"content":{"rendered":"\n<p>De la necesidad de iluminar jardines e interiores de una forma discreta duradera y atemporal nace esta colecci\u00f3n de faroles de cobre, de cajas de luz. Son la s\u00edntesis de reflexiones sobre la luz, la geometr\u00eda y el tiempo en los jardines. En definitiva, verdaderas jardines de luz. Estos faroles se adaptan al lugar fundi\u00e9ndose con \u00e9l, dando un c\u00e1lida y sutil iluminaci\u00f3n. Se pueden usar tanto en interiores como exteriores.<\/p>\n","protected":false},"excerpt":{"rendered":"<p>De la necesidad de iluminar jardines e interiores de una forma discreta duradera y atemporal nace esta colecci\u00f3n de faroles de cobre, de cajas de luz. Son la s\u00edntesis de reflexiones sobre la luz, la geometr\u00eda y el tiempo en los jardines. En definitiva, verdaderas jardines de luz. Estos faroles se adaptan al lugar fundi\u00e9ndose [&hellip;]<\/p>\n","protected":false},"author":1,"featured_media":61,"parent":0,"menu_order":0,"comment_status":"closed","ping_status":"closed","template":"template-lamparas.php","meta":[],"_links":{"self":[{"href":"https:\/\/gardensoflight.com\/es\/wp-json\/wp\/v2\/pages\/774"}],"collection":[{"href":"https:\/\/gardensoflight.com\/es\/wp-json\/wp\/v2\/pages"}],"about":[{"href":"https:\/\/gardensoflight.com\/es\/wp-json\/wp\/v2\/types\/page"}],"author":[{"embeddable":true,"href":"https:\/\/gardensoflight.com\/es\/wp-json\/wp\/v2\/users\/1"}],"replies":[{"embeddable":true,"href":"https:\/\/gardensoflight.com\/es\/wp-json\/wp\/v2\/comments?post=774"}],"version-history":[{"count":1,"href":"https:\/\/gardensoflight.com\/es\/wp-json\/wp\/v2\/pages\/774\/revisions"}],"predecessor-version":[{"id":775,"href":"https:\/\/gardensoflight.com\/es\/wp-json\/wp\/v2\/pages\/774\/revisions\/775"}],"wp:featuredmedia":[{"embeddable":true,"href":"https:\/\/gardensoflight.com\/es\/wp-json\/wp\/v2\/media\/61"}],"wp:attachment":[{"href":"https:\/\/gardensoflight.com\/es\/wp-json\/wp\/v2\/media?parent=774"}],"curies":[{"name":"wp","href":"https:\/\/api.w.org\/{rel}","templated":true}]}}