{"id":769,"date":"2019-06-11T05:37:40","date_gmt":"2019-06-11T05:37:40","guid":{"rendered":"https:\/\/gardensoflight.com\/faqs\/"},"modified":"2019-06-24T20:14:19","modified_gmt":"2019-06-24T18:14:19","slug":"faqs","status":"publish","type":"page","link":"https:\/\/gardensoflight.com\/es\/faqs\/","title":{"rendered":"FAQs"},"content":{"rendered":"\n<h2>\u00bfD\u00f3nde puedo encontrar el precio de sus objetos?<\/h2>\n<p>Cada objeto es realizado a mano y por encargo. Dado que las especificaciones de cada producto pueden variar, por favor mande un email a <a href=\"mailto:info@gardensoflight.com\">info@gardensoflight.com<\/a> y le proveeremos con un precio detallado.<\/p>\n<h2>\u00bfEst\u00e1 el env\u00edo incluido en el precio de venta?<\/h2>\n<p>El coste de env\u00edo para env\u00edos regulares en la pen\u00ednsula y baleares est\u00e1 incluido en el precio de venta. Los costes de env\u00edos al extranjero no est\u00e1n incluidos en el precio de venta.<\/p>\n<p>El coste de env\u00edo var\u00eda en funci\u00f3n de la cantidad y tipo de productos a enviar. Una vez su pedido este confirmado le asistiremos con las opciones de env\u00edo.<\/p>\n<h2>\u00bfCu\u00e1les son los tiempos de entrega?<\/h2>\n<p>Los pedidos suelen tener un tiempo de entrega de 6 semana. Grandes cantidades o pedidos personalizados conllevan un periodo de entrega mas largo.<\/p>\n<h2>\u00bfHay un showroom donde se puedan ver sus objetos?<\/h2>\n<p>Nuestro showrom se encuentra en los jardines de Palais-Royal, en el 54 de la Galerie de Montpesier, 75001, Par\u00eds, Francia. Para concertar una visita contacte aqu\u00ed <a href=\"tel:+33617014649\">+33 617014649<\/a> o mande un email a\u00a0<a href=\"mailto:info@gardensoflight.com\">info@gardensoflight.com<\/a><\/p>\n<h2>\u00bfD\u00f3nde puedo encontrar las instrucciones de cuidado de los objetos?<\/h2>\n<p>El cuidado y mantenimiento de los objetos depende del acabado. Puede encontrar las instrucciones de cuidado en nuestra website en la ficha PDF de cada producto.<\/p>\n<h2>\u00bfC\u00f3mo puedo pedir recambios o asistencia con una reparaci\u00f3n?<\/h2>\n<p>Cada objeto esta hecho bajo encargo. Por favor m\u00e1ndenos por email a <a href=\"mailto:info@gardensoflight.com\">info@gardensoflight.com<\/a> una imagen del objeto y le ayudaremos a encontrar la mejor soluci\u00f3n en el menor tiempo posible.<\/p>\n<h2>\u00bfQu\u00e9 periodo de garant\u00eda tienen estos objetos?<\/h2>\n<p>El periodo de garant\u00eda de estos objetos es de 24 meses desde la fecha de env\u00edo. Para mas informaci\u00f3n consulte nuestros T\u00e9rminos y Condiciones.<\/p>\n","protected":false},"excerpt":{"rendered":"<p>\u00bfD\u00f3nde puedo encontrar el precio de sus objetos? Cada objeto es realizado a mano y por encargo. Dado que las especificaciones de cada producto pueden variar, por favor mande un email a info@gardensoflight.com y le proveeremos con un precio detallado. \u00bfEst\u00e1 el env\u00edo incluido en el precio de venta? El coste de env\u00edo para env\u00edos [&hellip;]<\/p>\n","protected":false},"author":1,"featured_media":0,"parent":0,"menu_order":0,"comment_status":"closed","ping_status":"closed","template":"template-faqs.php","meta":[],"_links":{"self":[{"href":"https:\/\/gardensoflight.com\/es\/wp-json\/wp\/v2\/pages\/769"}],"collection":[{"href":"https:\/\/gardensoflight.com\/es\/wp-json\/wp\/v2\/pages"}],"about":[{"href":"https:\/\/gardensoflight.com\/es\/wp-json\/wp\/v2\/types\/page"}],"author":[{"embeddable":true,"href":"https:\/\/gardensoflight.com\/es\/wp-json\/wp\/v2\/users\/1"}],"replies":[{"embeddable":true,"href":"https:\/\/gardensoflight.com\/es\/wp-json\/wp\/v2\/comments?post=769"}],"version-history":[{"count":2,"href":"https:\/\/gardensoflight.com\/es\/wp-json\/wp\/v2\/pages\/769\/revisions"}],"predecessor-version":[{"id":772,"href":"https:\/\/gardensoflight.com\/es\/wp-json\/wp\/v2\/pages\/769\/revisions\/772"}],"wp:attachment":[{"href":"https:\/\/gardensoflight.com\/es\/wp-json\/wp\/v2\/media?parent=769"}],"curies":[{"name":"wp","href":"https:\/\/api.w.org\/{rel}","templated":true}]}}