{"id":762,"date":"2019-06-11T05:36:47","date_gmt":"2019-06-11T05:36:47","guid":{"rendered":"https:\/\/gardensoflight.com\/about-us\/"},"modified":"2019-12-24T16:06:51","modified_gmt":"2019-12-24T15:06:51","slug":"about-us","status":"publish","type":"page","link":"https:\/\/gardensoflight.com\/es\/about-us\/","title":{"rendered":"Sobre nosotros"},"content":{"rendered":"\n<p>El jardinero Fernando Caruncho ha llevado a cabo proyectos de jard\u00edn y arquitectura en todo el mundo en los \u00faltimos 40 a\u00f1os, acompa\u00f1ado en a\u00f1os recientes por sus dos hijos Fernando y Pedro, ambos formados como arquitectos y educados en el mundo del jard\u00edn.<\/p>\n<p>Basado en Madrid y Par\u00eds, Gardens of light nace paralelamente a la actividad de <a href=\"https:\/\/web.fernandocaruncho.com\/es\/\" target=\"_blank\" rel=\"noopener noreferrer\">Caruncho Garden and Architecture<\/a>.<\/p>\n<p>De la necesidad de iluminar jardines e interiores de una forma discreta duradera y atemporal nace esta colecci\u00f3n de faroles de cobre, de cajas de luz.<\/p>\n<p>Son la s\u00edntesis de reflexiones sobre la luz, la geometr\u00eda y el tiempo en los jardines. En definitiva, verdaderos jardines de luz.<\/p>\n<p>Estos faroles est\u00e1n dise\u00f1ados y hechos a mano en Madrid y se pueden encontrar en la galeries de <a href=\"https:\/\/gardensoflight.com\/en\/palais-royal\/\">Palais Royal<\/a>.<\/p>\n","protected":false},"excerpt":{"rendered":"<p>El jardinero Fernando Caruncho ha llevado a cabo proyectos de jard\u00edn y arquitectura en todo el mundo en los \u00faltimos 40 a\u00f1os, acompa\u00f1ado en a\u00f1os recientes por sus dos hijos Fernando y Pedro, ambos formados como arquitectos y educados en el mundo del jard\u00edn. Basado en Madrid y Par\u00eds, Gardens of light nace paralelamente a [&hellip;]<\/p>\n","protected":false},"author":1,"featured_media":98,"parent":0,"menu_order":0,"comment_status":"closed","ping_status":"closed","template":"template-imagenes-y-texto.php","meta":[],"_links":{"self":[{"href":"https:\/\/gardensoflight.com\/es\/wp-json\/wp\/v2\/pages\/762"}],"collection":[{"href":"https:\/\/gardensoflight.com\/es\/wp-json\/wp\/v2\/pages"}],"about":[{"href":"https:\/\/gardensoflight.com\/es\/wp-json\/wp\/v2\/types\/page"}],"author":[{"embeddable":true,"href":"https:\/\/gardensoflight.com\/es\/wp-json\/wp\/v2\/users\/1"}],"replies":[{"embeddable":true,"href":"https:\/\/gardensoflight.com\/es\/wp-json\/wp\/v2\/comments?post=762"}],"version-history":[{"count":6,"href":"https:\/\/gardensoflight.com\/es\/wp-json\/wp\/v2\/pages\/762\/revisions"}],"predecessor-version":[{"id":917,"href":"https:\/\/gardensoflight.com\/es\/wp-json\/wp\/v2\/pages\/762\/revisions\/917"}],"wp:featuredmedia":[{"embeddable":true,"href":"https:\/\/gardensoflight.com\/es\/wp-json\/wp\/v2\/media\/98"}],"wp:attachment":[{"href":"https:\/\/gardensoflight.com\/es\/wp-json\/wp\/v2\/media?parent=762"}],"curies":[{"name":"wp","href":"https:\/\/api.w.org\/{rel}","templated":true}]}}