{"id":744,"date":"2019-06-11T05:37:19","date_gmt":"2019-06-11T05:37:19","guid":{"rendered":"https:\/\/gardensoflight.com\/contact\/"},"modified":"2019-06-24T19:57:54","modified_gmt":"2019-06-24T17:57:54","slug":"contact","status":"publish","type":"page","link":"https:\/\/gardensoflight.com\/es\/contact\/","title":{"rendered":"Contacto"},"content":{"rendered":"\n<h4 class=\"gmail_default\">Showroom<\/h4>\n<div class=\"gmail_default\">54 Galerie de Montpensier<\/div>\n<div class=\"gmail_default\">Jardins du Palais-Royal<\/div>\n<div class=\"gmail_default\">75001, Paris<\/div>\n<p>Visita nuestro showroom<br><a href=\"tel:+33617014649\">+33 617014649<\/a><\/p>\n<h4 class=\"gmail_default\">Estudio Atelier<\/h4>\n<div class=\"gmail_default\">Paseo de Narcea, 17<\/div>\n<div class=\"gmail_default\">Urbanizaci\u00f3n Ciudalcampo<\/div>\n<div class=\"gmail_default\">San Sebasti\u00e1n de los Reyes<\/div>\n<div class=\"gmail_default\">28707, Madrid<\/div>\n<p>Para m\u00e1s informaci\u00f3n y pedidos<br>\npor favor cont\u00e1ctenos<\/p>\n<p><a href=\"mailto:info@gardensoflight.com\">info@gardensoflight.com<\/a><br><a href=\"tel:+34916570051\">+34 916570051<\/a> <a href=\"tel:+34123456789\">+34 123456789<\/a><\/p>\n<div class=\"redes\"><a class='red' href='https:\/\/www.facebook.com\/carunchogardensoflight' title='Facebook' target='_blank'><svg width='34' height='34' class='icon icon-Facebook'><use xlink:href='#Facebook' \/><\/svg><\/a><a class='red' href='https:\/\/www.instagram.com\/caruncho.gardensoflight' title='Instagram' target='_blank'><svg width='34' height='34' class='icon icon-Instagram'><use xlink:href='#Instagram' \/><\/svg><\/a><\/div>\n","protected":false},"excerpt":{"rendered":"<p>Showroom 54 Galerie de Montpensier Jardins du Palais-Royal 75001, Paris Visita nuestro showroom+33 617014649 Estudio Atelier Paseo de Narcea, 17 Urbanizaci\u00f3n Ciudalcampo San Sebasti\u00e1n de los Reyes 28707, Madrid Para m\u00e1s informaci\u00f3n y pedidos por favor cont\u00e1ctenos info@gardensoflight.com+34 916570051 +34 123456789<\/p>\n","protected":false},"author":1,"featured_media":528,"parent":0,"menu_order":0,"comment_status":"closed","ping_status":"closed","template":"template-contacto.php","meta":[],"_links":{"self":[{"href":"https:\/\/gardensoflight.com\/es\/wp-json\/wp\/v2\/pages\/744"}],"collection":[{"href":"https:\/\/gardensoflight.com\/es\/wp-json\/wp\/v2\/pages"}],"about":[{"href":"https:\/\/gardensoflight.com\/es\/wp-json\/wp\/v2\/types\/page"}],"author":[{"embeddable":true,"href":"https:\/\/gardensoflight.com\/es\/wp-json\/wp\/v2\/users\/1"}],"replies":[{"embeddable":true,"href":"https:\/\/gardensoflight.com\/es\/wp-json\/wp\/v2\/comments?post=744"}],"version-history":[{"count":2,"href":"https:\/\/gardensoflight.com\/es\/wp-json\/wp\/v2\/pages\/744\/revisions"}],"predecessor-version":[{"id":768,"href":"https:\/\/gardensoflight.com\/es\/wp-json\/wp\/v2\/pages\/744\/revisions\/768"}],"wp:featuredmedia":[{"embeddable":true,"href":"https:\/\/gardensoflight.com\/es\/wp-json\/wp\/v2\/media\/528"}],"wp:attachment":[{"href":"https:\/\/gardensoflight.com\/es\/wp-json\/wp\/v2\/media?parent=744"}],"curies":[{"name":"wp","href":"https:\/\/api.w.org\/{rel}","templated":true}]}}